{"id":6222,"date":"2024-02-24T06:53:55","date_gmt":"2024-02-24T11:53:55","guid":{"rendered":"https:\/\/nyink.yourbiz.site\/?page_id=6222"},"modified":"2024-08-12T09:04:08","modified_gmt":"2024-08-12T13:04:08","slug":"our-mission","status":"publish","type":"page","link":"https:\/\/nyinkbeautyartsacademy.com\/es\/our-mission\/","title":{"rendered":"Our Mission"},"content":{"rendered":"\t\t<div data-elementor-type=\"wp-page\" data-elementor-id=\"6222\" class=\"elementor elementor-6222 elementor-265\" data-elementor-post-type=\"page\">\n\t\t\t\t<div data-particle_enable=\"false\" data-particle-mobile-disabled=\"false\" class=\"elementor-element elementor-element-404edab e-flex e-con-boxed e-con e-parent\" data-id=\"404edab\" data-element_type=\"container\" data-e-type=\"container\" data-settings=\"{&quot;background_background&quot;:&quot;classic&quot;}\">\n\t\t\t\t\t<div class=\"e-con-inner\">\n\t\t\t\t\t<\/div>\n\t\t\t\t<\/div>\n\t\t<div data-particle_enable=\"false\" data-particle-mobile-disabled=\"false\" class=\"elementor-element elementor-element-f58656a e-flex e-con-boxed e-con e-parent\" data-id=\"f58656a\" data-element_type=\"container\" data-e-type=\"container\">\n\t\t\t\t\t<div class=\"e-con-inner\">\n\t\t\t\t<div class=\"elementor-element elementor-element-a010fac elementor-widget elementor-widget-heading\" data-id=\"a010fac\" data-element_type=\"widget\" data-e-type=\"widget\" data-widget_type=\"heading.default\">\n\t\t\t\t<div class=\"elementor-widget-container\">\n\t\t\t\t\t<h1 class=\"elementor-heading-title elementor-size-default\">Nuestra Misi\u00f3n<\/h1>\t\t\t\t<\/div>\n\t\t\t\t<\/div>\n\t\t\t\t<div class=\"elementor-element elementor-element-8963d39 elementor-widget elementor-widget-heading\" data-id=\"8963d39\" data-element_type=\"widget\" data-e-type=\"widget\" data-widget_type=\"heading.default\">\n\t\t\t\t<div class=\"elementor-widget-container\">\n\t\t\t\t\t<h2 class=\"elementor-heading-title elementor-size-default\">Tatuaje Param\u00e9dico &amp; Maquillaje Permanente<\/h2>\t\t\t\t<\/div>\n\t\t\t\t<\/div>\n\t\t\t\t<div class=\"elementor-element elementor-element-7110fd5 elementor-widget elementor-widget-heading\" data-id=\"7110fd5\" data-element_type=\"widget\" data-e-type=\"widget\" data-widget_type=\"heading.default\">\n\t\t\t\t<div class=\"elementor-widget-container\">\n\t\t\t\t\t<h2 class=\"elementor-heading-title elementor-size-default\">\u00a1Experiencia y pasi\u00f3n por transformarla vida de las personas!<\/h2>\t\t\t\t<\/div>\n\t\t\t\t<\/div>\n\t\t\t\t<div class=\"elementor-element elementor-element-6ab2349 elementor-widget elementor-widget-text-editor\" data-id=\"6ab2349\" data-element_type=\"widget\" data-e-type=\"widget\" data-widget_type=\"text-editor.default\">\n\t\t\t\t<div class=\"elementor-widget-container\">\n\t\t\t\t\t\t\t\t\t<p><strong>NY INK BEAUTY ARTS ACADEMY<\/strong><span style=\"font-weight: 400;\"> ofrece un completo Curso en l\u00ednea que sirve como plataforma para personas apasionadas por transformar vidas a trav\u00e9s del tatuaje param\u00e9dico y el maquillaje permanente. Los programas est\u00e1n dise\u00f1ados para equipar a los participantes con las herramientas necesarias para tener \u00e9xito en el mundo competitivo actual, centr\u00e1ndose en la gratificante industria del tatuaje param\u00e9dico y el maquillaje permanente.<\/span><\/p><p>\u00a0<\/p><p><span style=\"font-weight: 400;\">La academia reconoce los desaf\u00edos en la industria, reconociendo vac\u00edo y falta de informaci\u00f3n cuando se trata de ense\u00f1ar y transferir conocimientos en habilidades pr\u00e1cticas. Con un compromiso de proporcionar m\u00e1s que solo una clase en l\u00ednea,\u00a0 <\/span>NY INK BEAUTY ARTS ACADEMY <span style=\"font-weight: 400;\">promete brindar consejos, secretos y mentor\u00eda esenciales para lograr el \u00e9xito que los participantes merecen.<\/span><\/p><p>\u00a0<\/p><p><span style=\"font-weight: 400;\">Los instructores de la academia cuentan con una gran experiencia, habiendo pasado muchos a\u00f1os trabajando profesionalmente en el campo antes de pasar a la educaci\u00f3n. Su plan de estudios se destaca por su \u00e9nfasis en la aplicaci\u00f3n pr\u00e1ctica del material, asegurando que los participantes no solo est\u00e9n equipados con conocimientos te\u00f3ricos, sino que tambi\u00e9n adquieran habilidades pr\u00e1cticas.<\/span><\/p><p>\u00a0<\/p><p><span style=\"font-weight: 400;\">Como profesionales en tatuaje param\u00e9dico, maquillaje permanente y cuidado de la piel, nuestros instructores est\u00e1n dedicados a infundir confianza en sus clientes. En en d\u00eda a d\u00eda hacen que cada cliente se sienta especial y \u00fanico realzando la belleza natural y en algunos casos, contribuyendo a la recuperaci\u00f3n de la autoestima. Las t\u00e9cnicas de la academia van m\u00e1s all\u00e1 de la est\u00e9tica, abordando problemas espec\u00edficos como el labio leporino, la p\u00e9rdida de cabello y post-mastectom\u00eda, con el objetivo de transformar vidas f\u00edsica y emocionalmente. <\/span><\/p><p>\u00a0<\/p><p><span style=\"font-weight: 400;\">En su papel como entrenadores desde 2005, los instructores han desarrollado un plan de estudios detallado, que incluye materiales de entrenamiento, ejercicios, gr\u00e1ficos y videos. El enfoque en <\/span>&#8220;C\u00d3MO Y POR QU\u00c9&#8221;<span style=\"font-weight: 400;\"> en cada clase simplifica el viaje de aprendizaje al resaltar detalles espec\u00edficos que requieren atenci\u00f3n adicional.<\/span><\/p><p>\u00a0<\/p><p><span style=\"font-weight: 400;\">El deseo como instructores en <\/span>NY INK BEAUTY ARTS ACADEMY<span style=\"font-weight: 400;\"> es que los participantes adquieran los conocimientos necesarios para alcanzar sus objetivos y, a su vez, ayudar a hombres y mujeres en sus comunidades a recuperarla autoconfianza. El compromiso fundado en la alegr\u00eda y amor por este arte, brinda un impacto positivo evidente en la educaci\u00f3n y la formaci\u00f3n.<\/span><\/p><p>\u00a0<\/p><p><span style=\"font-weight: 400;\">\u00a1Experiencia y pasi\u00f3n por transformar la vida de las personas!\u00a0<\/span><\/p><p><b><i>\u00a1Estamos aqu\u00ed para ser tu mejor elecci\u00f3n!<\/i><\/b><\/p><p><b>\u00bfEst\u00e1s listo? <\/b><\/p>\t\t\t\t\t\t\t\t<\/div>\n\t\t\t\t<\/div>\n\t\t\t\t\t<\/div>\n\t\t\t\t<\/div>\n\t\t<div data-particle_enable=\"false\" data-particle-mobile-disabled=\"false\" class=\"elementor-element elementor-element-bc6cd22 e-flex e-con-boxed e-con e-parent\" data-id=\"bc6cd22\" data-element_type=\"container\" data-e-type=\"container\">\n\t\t\t\t\t<div class=\"e-con-inner\">\n\t\t<div data-particle_enable=\"false\" data-particle-mobile-disabled=\"false\" class=\"elementor-element elementor-element-05296c3 e-con-full e-flex e-con e-child\" data-id=\"05296c3\" data-element_type=\"container\" data-e-type=\"container\">\n\t\t\t\t<div class=\"elementor-element elementor-element-673f7ed elementor-widget elementor-widget-heading\" data-id=\"673f7ed\" data-element_type=\"widget\" data-e-type=\"widget\" data-widget_type=\"heading.default\">\n\t\t\t\t<div class=\"elementor-widget-container\">\n\t\t\t\t\t<h2 class=\"elementor-heading-title elementor-size-default\">Conoce a <strong><i>Nuestro Equipo\n<\/i><\/strong> <\/h2>\t\t\t\t<\/div>\n\t\t\t\t<\/div>\n\t\t\t\t<\/div>\n\t\t<div data-particle_enable=\"false\" data-particle-mobile-disabled=\"false\" class=\"elementor-element elementor-element-a202f22 e-con-full e-flex e-con e-child\" data-id=\"a202f22\" data-element_type=\"container\" data-e-type=\"container\">\n\t\t<div data-particle_enable=\"false\" data-particle-mobile-disabled=\"false\" class=\"elementor-element elementor-element-b2dcf3f e-con-full e-grid e-con e-child\" data-id=\"b2dcf3f\" data-element_type=\"container\" data-e-type=\"container\">\n\t\t<div data-particle_enable=\"false\" data-particle-mobile-disabled=\"false\" class=\"elementor-element elementor-element-75c83c2 e-con-full e-flex e-con e-child\" data-id=\"75c83c2\" data-element_type=\"container\" data-e-type=\"container\">\n\t\t\t\t<div class=\"elementor-element elementor-element-236216c elementor-position-top elementor-invisible elementor-widget elementor-widget-image-box\" data-id=\"236216c\" data-element_type=\"widget\" data-e-type=\"widget\" data-settings=\"{&quot;_animation&quot;:&quot;fadeInUp&quot;}\" data-widget_type=\"image-box.default\">\n\t\t\t\t<div class=\"elementor-widget-container\">\n\t\t\t\t\t<div class=\"elementor-image-box-wrapper\"><figure class=\"elementor-image-box-img\"><img fetchpriority=\"high\" decoding=\"async\" width=\"500\" height=\"500\" src=\"https:\/\/nyinkbeautyartsacademy.com\/wp-content\/uploads\/2024\/02\/Karla-S.png\" class=\"elementor-animation-grow attachment-full size-full wp-image-306\" alt=\"\" srcset=\"https:\/\/nyinkbeautyartsacademy.com\/wp-content\/uploads\/2024\/02\/Karla-S.png 500w, https:\/\/nyinkbeautyartsacademy.com\/wp-content\/uploads\/2024\/02\/Karla-S-300x300.png 300w, https:\/\/nyinkbeautyartsacademy.com\/wp-content\/uploads\/2024\/02\/Karla-S-100x100.png 100w, https:\/\/nyinkbeautyartsacademy.com\/wp-content\/uploads\/2024\/02\/Karla-S-150x150.png 150w\" sizes=\"(max-width: 500px) 100vw, 500px\" \/><\/figure><div class=\"elementor-image-box-content\"><h3 class=\"elementor-image-box-title\">Karla S.<\/h3><\/div><\/div>\t\t\t\t<\/div>\n\t\t\t\t<\/div>\n\t\t\t\t<\/div>\n\t\t<div data-particle_enable=\"false\" data-particle-mobile-disabled=\"false\" class=\"elementor-element elementor-element-0a48f0a e-con-full e-flex e-con e-child\" data-id=\"0a48f0a\" data-element_type=\"container\" data-e-type=\"container\">\n\t\t\t\t<div class=\"elementor-element elementor-element-f51242e elementor-position-top elementor-invisible elementor-widget elementor-widget-image-box\" data-id=\"f51242e\" data-element_type=\"widget\" data-e-type=\"widget\" data-settings=\"{&quot;_animation&quot;:&quot;fadeInUp&quot;}\" data-widget_type=\"image-box.default\">\n\t\t\t\t<div class=\"elementor-widget-container\">\n\t\t\t\t\t<div class=\"elementor-image-box-wrapper\"><figure class=\"elementor-image-box-img\"><img decoding=\"async\" width=\"500\" height=\"500\" src=\"https:\/\/nyinkbeautyartsacademy.com\/wp-content\/uploads\/2024\/05\/Ruth-M.png\" class=\"elementor-animation-grow attachment-full size-full wp-image-6254\" alt=\"\" srcset=\"https:\/\/nyinkbeautyartsacademy.com\/wp-content\/uploads\/2024\/05\/Ruth-M.png 500w, https:\/\/nyinkbeautyartsacademy.com\/wp-content\/uploads\/2024\/05\/Ruth-M-300x300.png 300w, https:\/\/nyinkbeautyartsacademy.com\/wp-content\/uploads\/2024\/05\/Ruth-M-150x150.png 150w, https:\/\/nyinkbeautyartsacademy.com\/wp-content\/uploads\/2024\/05\/Ruth-M-100x100.png 100w\" sizes=\"(max-width: 500px) 100vw, 500px\" \/><\/figure><div class=\"elementor-image-box-content\"><h3 class=\"elementor-image-box-title\">Ruth M.<\/h3><\/div><\/div>\t\t\t\t<\/div>\n\t\t\t\t<\/div>\n\t\t\t\t<\/div>\n\t\t<div data-particle_enable=\"false\" data-particle-mobile-disabled=\"false\" class=\"elementor-element elementor-element-af23e30 e-con-full e-flex e-con e-child\" data-id=\"af23e30\" data-element_type=\"container\" data-e-type=\"container\">\n\t\t\t\t<div class=\"elementor-element elementor-element-55aeb4c elementor-position-top elementor-invisible elementor-widget elementor-widget-image-box\" data-id=\"55aeb4c\" data-element_type=\"widget\" data-e-type=\"widget\" data-settings=\"{&quot;_animation&quot;:&quot;fadeInUp&quot;}\" data-widget_type=\"image-box.default\">\n\t\t\t\t<div class=\"elementor-widget-container\">\n\t\t\t\t\t<div class=\"elementor-image-box-wrapper\"><figure class=\"elementor-image-box-img\"><img decoding=\"async\" width=\"500\" height=\"497\" src=\"https:\/\/nyinkbeautyartsacademy.com\/wp-content\/uploads\/2024\/05\/Maria-S.png\" class=\"elementor-animation-grow attachment-full size-full wp-image-6256\" alt=\"\" srcset=\"https:\/\/nyinkbeautyartsacademy.com\/wp-content\/uploads\/2024\/05\/Maria-S.png 500w, https:\/\/nyinkbeautyartsacademy.com\/wp-content\/uploads\/2024\/05\/Maria-S-300x298.png 300w, https:\/\/nyinkbeautyartsacademy.com\/wp-content\/uploads\/2024\/05\/Maria-S-150x150.png 150w, https:\/\/nyinkbeautyartsacademy.com\/wp-content\/uploads\/2024\/05\/Maria-S-100x100.png 100w\" sizes=\"(max-width: 500px) 100vw, 500px\" \/><\/figure><div class=\"elementor-image-box-content\"><h3 class=\"elementor-image-box-title\">Maria S.<\/h3><\/div><\/div>\t\t\t\t<\/div>\n\t\t\t\t<\/div>\n\t\t\t\t<\/div>\n\t\t<div data-particle_enable=\"false\" data-particle-mobile-disabled=\"false\" class=\"elementor-element elementor-element-4c52633 e-con-full e-flex e-con e-child\" data-id=\"4c52633\" data-element_type=\"container\" data-e-type=\"container\">\n\t\t\t\t<div class=\"elementor-element elementor-element-0d0fec5 elementor-position-top elementor-invisible elementor-widget elementor-widget-image-box\" data-id=\"0d0fec5\" data-element_type=\"widget\" data-e-type=\"widget\" data-settings=\"{&quot;_animation&quot;:&quot;fadeInUp&quot;}\" data-widget_type=\"image-box.default\">\n\t\t\t\t<div class=\"elementor-widget-container\">\n\t\t\t\t\t<div class=\"elementor-image-box-wrapper\"><figure class=\"elementor-image-box-img\"><img loading=\"lazy\" decoding=\"async\" width=\"500\" height=\"500\" src=\"https:\/\/nyinkbeautyartsacademy.com\/wp-content\/uploads\/2024\/05\/Angelica-P.png\" class=\"elementor-animation-grow attachment-full size-full wp-image-6258\" alt=\"\" srcset=\"https:\/\/nyinkbeautyartsacademy.com\/wp-content\/uploads\/2024\/05\/Angelica-P.png 500w, https:\/\/nyinkbeautyartsacademy.com\/wp-content\/uploads\/2024\/05\/Angelica-P-300x300.png 300w, https:\/\/nyinkbeautyartsacademy.com\/wp-content\/uploads\/2024\/05\/Angelica-P-150x150.png 150w, https:\/\/nyinkbeautyartsacademy.com\/wp-content\/uploads\/2024\/05\/Angelica-P-100x100.png 100w\" sizes=\"(max-width: 500px) 100vw, 500px\" \/><\/figure><div class=\"elementor-image-box-content\"><h3 class=\"elementor-image-box-title\">Angelica P.<\/h3><\/div><\/div>\t\t\t\t<\/div>\n\t\t\t\t<\/div>\n\t\t\t\t<\/div>\n\t\t\t\t<\/div>\n\t\t\t\t<\/div>\n\t\t<div data-particle_enable=\"false\" data-particle-mobile-disabled=\"false\" class=\"elementor-element elementor-element-799a0f2 e-con-full e-flex e-con e-child\" data-id=\"799a0f2\" data-element_type=\"container\" data-e-type=\"container\">\n\t\t\t\t<div class=\"elementor-element elementor-element-62fbbb3 elementor-invisible elementor-widget elementor-widget-image\" data-id=\"62fbbb3\" data-element_type=\"widget\" data-e-type=\"widget\" data-settings=\"{&quot;_animation&quot;:&quot;fadeInUp&quot;}\" data-widget_type=\"image.default\">\n\t\t\t\t<div class=\"elementor-widget-container\">\n\t\t\t\t\t\t\t\t\t\t\t\t\t\t\t<img loading=\"lazy\" decoding=\"async\" width=\"800\" height=\"491\" src=\"https:\/\/nyinkbeautyartsacademy.com\/wp-content\/uploads\/2024\/02\/NYINK-LOGO-1024x629.png\" class=\"elementor-animation-grow attachment-large size-large wp-image-13687\" alt=\"\" srcset=\"https:\/\/nyinkbeautyartsacademy.com\/wp-content\/uploads\/2024\/02\/NYINK-LOGO-1024x629.png 1024w, https:\/\/nyinkbeautyartsacademy.com\/wp-content\/uploads\/2024\/02\/NYINK-LOGO-300x184.png 300w, https:\/\/nyinkbeautyartsacademy.com\/wp-content\/uploads\/2024\/02\/NYINK-LOGO-768x472.png 768w, https:\/\/nyinkbeautyartsacademy.com\/wp-content\/uploads\/2024\/02\/NYINK-LOGO-1536x944.png 1536w, https:\/\/nyinkbeautyartsacademy.com\/wp-content\/uploads\/2024\/02\/NYINK-LOGO-2048x1258.png 2048w, https:\/\/nyinkbeautyartsacademy.com\/wp-content\/uploads\/2024\/02\/NYINK-LOGO-600x369.png 600w, https:\/\/nyinkbeautyartsacademy.com\/wp-content\/uploads\/2024\/02\/NYINK-LOGO-81x50.png 81w\" sizes=\"(max-width: 800px) 100vw, 800px\" \/>\t\t\t\t\t\t\t\t\t\t\t\t\t\t\t<\/div>\n\t\t\t\t<\/div>\n\t\t\t\t<\/div>\n\t\t\t\t\t<\/div>\n\t\t\t\t<\/div>\n\t\t\t\t<\/div>\n\t\t","protected":false},"excerpt":{"rendered":"<p>Nuestra Misi\u00f3n Tatuaje Param\u00e9dico &#038; Maquillaje Permanente \u00a1Experiencia y pasi\u00f3n por transformarla vida de las personas! NY INK BEAUTY ARTS ACADEMY ofrece un completo Curso en l\u00ednea que sirve como plataforma para personas apasionadas por transformar vidas a trav\u00e9s del tatuaje param\u00e9dico y el maquillaje permanente. Los programas est\u00e1n dise\u00f1ados para equipar a los participantes [&hellip;]<\/p>\n","protected":false},"author":1,"featured_media":0,"parent":0,"menu_order":0,"comment_status":"closed","ping_status":"closed","template":"elementor_header_footer","meta":{"footnotes":""},"class_list":["post-6222","page","type-page","status-publish","hentry"],"_links":{"self":[{"href":"https:\/\/nyinkbeautyartsacademy.com\/es\/wp-json\/wp\/v2\/pages\/6222","targetHints":{"allow":["GET"]}}],"collection":[{"href":"https:\/\/nyinkbeautyartsacademy.com\/es\/wp-json\/wp\/v2\/pages"}],"about":[{"href":"https:\/\/nyinkbeautyartsacademy.com\/es\/wp-json\/wp\/v2\/types\/page"}],"author":[{"embeddable":true,"href":"https:\/\/nyinkbeautyartsacademy.com\/es\/wp-json\/wp\/v2\/users\/1"}],"replies":[{"embeddable":true,"href":"https:\/\/nyinkbeautyartsacademy.com\/es\/wp-json\/wp\/v2\/comments?post=6222"}],"version-history":[{"count":85,"href":"https:\/\/nyinkbeautyartsacademy.com\/es\/wp-json\/wp\/v2\/pages\/6222\/revisions"}],"predecessor-version":[{"id":14839,"href":"https:\/\/nyinkbeautyartsacademy.com\/es\/wp-json\/wp\/v2\/pages\/6222\/revisions\/14839"}],"wp:attachment":[{"href":"https:\/\/nyinkbeautyartsacademy.com\/es\/wp-json\/wp\/v2\/media?parent=6222"}],"curies":[{"name":"wp","href":"https:\/\/api.w.org\/{rel}","templated":true}]}}